

{"id":26,"date":"2008-07-25T14:02:57","date_gmt":"2008-07-25T12:02:57","guid":{"rendered":"http:\/\/www.schoenberg.st\/andreas\/cms\/?page_id=26"},"modified":"2009-07-03T15:30:41","modified_gmt":"2009-07-03T13:30:41","slug":"humorvolles","status":"publish","type":"page","link":"https:\/\/www.schoenberg.st\/andreas\/cms\/humorvolles","title":{"rendered":"Humorvolles"},"content":{"rendered":"<p>Auf meiner alten Seite waren einige Sachen die man unter dem Stichwort &#8222;Humorvolles&#8220; zusammenfassen k\u00f6nnte. Die Seiten werden schon relativ h\u00e4ufig besucht also habe ich mich beschlossen die Seiten zu \u00fcbernehmen und ggf. zu erweitern&#8230;<\/p>\n<p><a href=\"http:\/\/www.schoenberg.st\/andreas\/cms\/humorvolles\/flugangst\">Here we go &#8230;<\/a><\/p>\n","protected":false},"excerpt":{"rendered":"<p>Auf meiner alten Seite waren einige Sachen die man unter dem Stichwort &#8222;Humorvolles&#8220; zusammenfassen k\u00f6nnte. Die Seiten werden schon relativ h\u00e4ufig besucht also habe ich mich beschlossen die Seiten zu \u00fcbernehmen und ggf. zu erweitern&#8230; Here we go &#8230;<\/p>\n","protected":false},"author":1,"featured_media":0,"parent":0,"menu_order":0,"comment_status":"open","ping_status":"open","template":"","meta":{"footnotes":""},"class_list":["post-26","page","type-page","status-publish","hentry"],"_links":{"self":[{"href":"https:\/\/www.schoenberg.st\/andreas\/cms\/wp-json\/wp\/v2\/pages\/26","targetHints":{"allow":["GET"]}}],"collection":[{"href":"https:\/\/www.schoenberg.st\/andreas\/cms\/wp-json\/wp\/v2\/pages"}],"about":[{"href":"https:\/\/www.schoenberg.st\/andreas\/cms\/wp-json\/wp\/v2\/types\/page"}],"author":[{"embeddable":true,"href":"https:\/\/www.schoenberg.st\/andreas\/cms\/wp-json\/wp\/v2\/users\/1"}],"replies":[{"embeddable":true,"href":"https:\/\/www.schoenberg.st\/andreas\/cms\/wp-json\/wp\/v2\/comments?post=26"}],"version-history":[{"count":6,"href":"https:\/\/www.schoenberg.st\/andreas\/cms\/wp-json\/wp\/v2\/pages\/26\/revisions"}],"predecessor-version":[{"id":49,"href":"https:\/\/www.schoenberg.st\/andreas\/cms\/wp-json\/wp\/v2\/pages\/26\/revisions\/49"}],"wp:attachment":[{"href":"https:\/\/www.schoenberg.st\/andreas\/cms\/wp-json\/wp\/v2\/media?parent=26"}],"curies":[{"name":"wp","href":"https:\/\/api.w.org\/{rel}","templated":true}]}}